{"id":3730,"date":"2023-04-27T08:14:05","date_gmt":"2023-04-27T08:14:05","guid":{"rendered":"https:\/\/www.sudco.fr\/?page_id=3730"},"modified":"2023-06-12T09:04:36","modified_gmt":"2023-06-12T09:04:36","slug":"gamme-classique-mobiliers-urbains","status":"publish","type":"page","link":"https:\/\/www.sudco.fr\/en\/classic-range-urban-furniture","title":{"rendered":"Classic Street Furniture range"},"content":{"rendered":"","protected":false},"excerpt":{"rendered":"","protected":false},"author":2,"featured_media":0,"parent":0,"menu_order":0,"comment_status":"closed","ping_status":"closed","template":"","meta":{"footnotes":""},"class_list":["post-3730","page","type-page","status-publish","czr-hentry"],"yoast_head":"<!-- This site is optimized with the Yoast SEO plugin v27.3 - https:\/\/yoast.com\/product\/yoast-seo-wordpress\/ -->\n<title>Gamme Classique de Mobliers Urbains - Sudco<\/title>\n<meta name=\"description\" content=\"D\u00e9couvrez la gamme classique de nos mobiliers urbains de qualit\u00e9. Conception \u00e9l\u00e9gante et fonctionnelle pour am\u00e9liorer votre espace public.\" \/>\n<meta name=\"robots\" content=\"index, follow, max-snippet:-1, max-image-preview:large, max-video-preview:-1\" \/>\n<link rel=\"canonical\" href=\"https:\/\/www.sudco.fr\/en\/classic-range-urban-furniture\/\" \/>\n<meta property=\"og:locale\" content=\"en_GB\" \/>\n<meta property=\"og:type\" content=\"article\" \/>\n<meta property=\"og:title\" content=\"Gamme Classique de Mobliers Urbains - Sudco\" \/>\n<meta property=\"og:description\" content=\"D\u00e9couvrez la gamme classique de nos mobiliers urbains de qualit\u00e9. Conception \u00e9l\u00e9gante et fonctionnelle pour am\u00e9liorer votre espace public.\" \/>\n<meta property=\"og:url\" content=\"https:\/\/www.sudco.fr\/en\/classic-range-urban-furniture\/\" \/>\n<meta property=\"og:site_name\" content=\"Sudco\" \/>\n<meta property=\"article:modified_time\" content=\"2023-06-12T09:04:36+00:00\" \/>\n<meta name=\"twitter:card\" content=\"summary_large_image\" \/>\n<script type=\"application\/ld+json\" class=\"yoast-schema-graph\">{\"@context\":\"https:\\\/\\\/schema.org\",\"@graph\":[{\"@type\":[\"WebPage\",\"SearchResultsPage\"],\"@id\":\"https:\\\/\\\/www.sudco.fr\\\/gamme-classique-mobiliers-urbains\",\"url\":\"https:\\\/\\\/www.sudco.fr\\\/gamme-classique-mobiliers-urbains\",\"name\":\"Gamme Classique de Mobliers Urbains - Sudco\",\"isPartOf\":{\"@id\":\"https:\\\/\\\/www.sudco.fr\\\/#website\"},\"datePublished\":\"2023-04-27T08:14:05+00:00\",\"dateModified\":\"2023-06-12T09:04:36+00:00\",\"description\":\"D\u00e9couvrez la gamme classique de nos mobiliers urbains de qualit\u00e9. Conception \u00e9l\u00e9gante et fonctionnelle pour am\u00e9liorer votre espace public.\",\"breadcrumb\":{\"@id\":\"https:\\\/\\\/www.sudco.fr\\\/gamme-classique-mobiliers-urbains#breadcrumb\"},\"inLanguage\":\"en-GB\",\"potentialAction\":[{\"@type\":\"ReadAction\",\"target\":[\"https:\\\/\\\/www.sudco.fr\\\/gamme-classique-mobiliers-urbains\"]}]},{\"@type\":\"BreadcrumbList\",\"@id\":\"https:\\\/\\\/www.sudco.fr\\\/gamme-classique-mobiliers-urbains#breadcrumb\",\"itemListElement\":[{\"@type\":\"ListItem\",\"position\":1,\"name\":\"Accueil\",\"item\":\"https:\\\/\\\/www.sudco.fr\\\/\"},{\"@type\":\"ListItem\",\"position\":2,\"name\":\"Gamme classique Mobiliers Urbains\"}]},{\"@type\":\"WebSite\",\"@id\":\"https:\\\/\\\/www.sudco.fr\\\/#website\",\"url\":\"https:\\\/\\\/www.sudco.fr\\\/\",\"name\":\"Sudco\",\"description\":\"\",\"publisher\":{\"@id\":\"https:\\\/\\\/www.sudco.fr\\\/#organization\"},\"potentialAction\":[{\"@type\":\"SearchAction\",\"target\":{\"@type\":\"EntryPoint\",\"urlTemplate\":\"https:\\\/\\\/www.sudco.fr\\\/?s={search_term_string}\"},\"query-input\":{\"@type\":\"PropertyValueSpecification\",\"valueRequired\":true,\"valueName\":\"search_term_string\"}}],\"inLanguage\":\"en-GB\"},{\"@type\":\"Organization\",\"@id\":\"https:\\\/\\\/www.sudco.fr\\\/#organization\",\"name\":\"Sudco\",\"url\":\"https:\\\/\\\/www.sudco.fr\\\/\",\"logo\":{\"@type\":\"ImageObject\",\"inLanguage\":\"en-GB\",\"@id\":\"https:\\\/\\\/www.sudco.fr\\\/#\\\/schema\\\/logo\\\/image\\\/\",\"url\":\"https:\\\/\\\/www.sudco.fr\\\/wp-content\\\/uploads\\\/2023\\\/04\\\/Logo-Sudco.png\",\"contentUrl\":\"https:\\\/\\\/www.sudco.fr\\\/wp-content\\\/uploads\\\/2023\\\/04\\\/Logo-Sudco.png\",\"width\":2634,\"height\":573,\"caption\":\"Sudco\"},\"image\":{\"@id\":\"https:\\\/\\\/www.sudco.fr\\\/#\\\/schema\\\/logo\\\/image\\\/\"}}]}<\/script>\n<!-- \/ Yoast SEO plugin. -->","yoast_head_json":{"title":"Classic range of Urban Mobliers - Sudco","description":"Discover our classic range of quality street furniture. Elegant, functional design to enhance your public space.","robots":{"index":"index","follow":"follow","max-snippet":"max-snippet:-1","max-image-preview":"max-image-preview:large","max-video-preview":"max-video-preview:-1"},"canonical":"https:\/\/www.sudco.fr\/en\/classic-range-urban-furniture\/","og_locale":"en_GB","og_type":"article","og_title":"Gamme Classique de Mobliers Urbains - Sudco","og_description":"D\u00e9couvrez la gamme classique de nos mobiliers urbains de qualit\u00e9. Conception \u00e9l\u00e9gante et fonctionnelle pour am\u00e9liorer votre espace public.","og_url":"https:\/\/www.sudco.fr\/en\/classic-range-urban-furniture\/","og_site_name":"Sudco","article_modified_time":"2023-06-12T09:04:36+00:00","twitter_card":"summary_large_image","schema":{"@context":"https:\/\/schema.org","@graph":[{"@type":["WebPage","SearchResultsPage"],"@id":"https:\/\/www.sudco.fr\/gamme-classique-mobiliers-urbains","url":"https:\/\/www.sudco.fr\/gamme-classique-mobiliers-urbains","name":"Classic range of Urban Mobliers - Sudco","isPartOf":{"@id":"https:\/\/www.sudco.fr\/#website"},"datePublished":"2023-04-27T08:14:05+00:00","dateModified":"2023-06-12T09:04:36+00:00","description":"Discover our classic range of quality street furniture. Elegant, functional design to enhance your public space.","breadcrumb":{"@id":"https:\/\/www.sudco.fr\/gamme-classique-mobiliers-urbains#breadcrumb"},"inLanguage":"en-GB","potentialAction":[{"@type":"ReadAction","target":["https:\/\/www.sudco.fr\/gamme-classique-mobiliers-urbains"]}]},{"@type":"BreadcrumbList","@id":"https:\/\/www.sudco.fr\/gamme-classique-mobiliers-urbains#breadcrumb","itemListElement":[{"@type":"ListItem","position":1,"name":"Accueil","item":"https:\/\/www.sudco.fr\/"},{"@type":"ListItem","position":2,"name":"Gamme classique Mobiliers Urbains"}]},{"@type":"WebSite","@id":"https:\/\/www.sudco.fr\/#website","url":"https:\/\/www.sudco.fr\/","name":"Sudco","description":"","publisher":{"@id":"https:\/\/www.sudco.fr\/#organization"},"potentialAction":[{"@type":"SearchAction","target":{"@type":"EntryPoint","urlTemplate":"https:\/\/www.sudco.fr\/?s={search_term_string}"},"query-input":{"@type":"PropertyValueSpecification","valueRequired":true,"valueName":"search_term_string"}}],"inLanguage":"en-GB"},{"@type":"Organization","@id":"https:\/\/www.sudco.fr\/#organization","name":"Sudco","url":"https:\/\/www.sudco.fr\/","logo":{"@type":"ImageObject","inLanguage":"en-GB","@id":"https:\/\/www.sudco.fr\/#\/schema\/logo\/image\/","url":"https:\/\/www.sudco.fr\/wp-content\/uploads\/2023\/04\/Logo-Sudco.png","contentUrl":"https:\/\/www.sudco.fr\/wp-content\/uploads\/2023\/04\/Logo-Sudco.png","width":2634,"height":573,"caption":"Sudco"},"image":{"@id":"https:\/\/www.sudco.fr\/#\/schema\/logo\/image\/"}}]}},"_links":{"self":[{"href":"https:\/\/www.sudco.fr\/en\/wp-json\/wp\/v2\/pages\/3730","targetHints":{"allow":["GET"]}}],"collection":[{"href":"https:\/\/www.sudco.fr\/en\/wp-json\/wp\/v2\/pages"}],"about":[{"href":"https:\/\/www.sudco.fr\/en\/wp-json\/wp\/v2\/types\/page"}],"author":[{"embeddable":true,"href":"https:\/\/www.sudco.fr\/en\/wp-json\/wp\/v2\/users\/2"}],"replies":[{"embeddable":true,"href":"https:\/\/www.sudco.fr\/en\/wp-json\/wp\/v2\/comments?post=3730"}],"version-history":[{"count":2,"href":"https:\/\/www.sudco.fr\/en\/wp-json\/wp\/v2\/pages\/3730\/revisions"}],"predecessor-version":[{"id":5737,"href":"https:\/\/www.sudco.fr\/en\/wp-json\/wp\/v2\/pages\/3730\/revisions\/5737"}],"wp:attachment":[{"href":"https:\/\/www.sudco.fr\/en\/wp-json\/wp\/v2\/media?parent=3730"}],"curies":[{"name":"wp","href":"https:\/\/api.w.org\/{rel}","templated":true}]}}