{"id":3695,"date":"2023-04-27T07:34:41","date_gmt":"2023-04-27T07:34:41","guid":{"rendered":"https:\/\/www.sudco.fr\/?page_id=3695"},"modified":"2023-06-12T09:03:33","modified_gmt":"2023-06-12T09:03:33","slug":"certifications-sudco","status":"publish","type":"page","link":"https:\/\/www.sudco.fr\/en\/certifications-sudco","title":{"rendered":"Sudco certifications"},"content":{"rendered":"","protected":false},"excerpt":{"rendered":"","protected":false},"author":2,"featured_media":0,"parent":0,"menu_order":0,"comment_status":"closed","ping_status":"closed","template":"","meta":{"footnotes":""},"class_list":["post-3695","page","type-page","status-publish","czr-hentry"],"yoast_head":"<!-- This site is optimized with the Yoast SEO plugin v27.4 - https:\/\/yoast.com\/product\/yoast-seo-wordpress\/ -->\n<title>Certifications - Sudco<\/title>\n<meta name=\"description\" content=\"Explorez nos certifications Sudco et engagements en innovation, \u00e9volution et ma\u00eetrise. D\u00e9couvrez comment Sudco assure qualit\u00e9 et s\u00e9curit\u00e9 au travail.\" \/>\n<meta name=\"robots\" content=\"index, follow, max-snippet:-1, max-image-preview:large, max-video-preview:-1\" \/>\n<link rel=\"canonical\" href=\"https:\/\/www.sudco.fr\/en\/certifications-sudco\/\" \/>\n<meta property=\"og:locale\" content=\"en_GB\" \/>\n<meta property=\"og:type\" content=\"article\" \/>\n<meta property=\"og:title\" content=\"Certifications - Sudco\" \/>\n<meta property=\"og:description\" content=\"Explorez nos certifications Sudco et engagements en innovation, \u00e9volution et ma\u00eetrise. D\u00e9couvrez comment Sudco assure qualit\u00e9 et s\u00e9curit\u00e9 au travail.\" \/>\n<meta property=\"og:url\" content=\"https:\/\/www.sudco.fr\/en\/certifications-sudco\/\" \/>\n<meta property=\"og:site_name\" content=\"Sudco\" \/>\n<meta property=\"article:modified_time\" content=\"2023-06-12T09:03:33+00:00\" \/>\n<meta name=\"twitter:card\" content=\"summary_large_image\" \/>\n<script type=\"application\/ld+json\" class=\"yoast-schema-graph\">{\"@context\":\"https:\\\/\\\/schema.org\",\"@graph\":[{\"@type\":[\"WebPage\",\"SearchResultsPage\"],\"@id\":\"https:\\\/\\\/www.sudco.fr\\\/certifications-sudco\",\"url\":\"https:\\\/\\\/www.sudco.fr\\\/certifications-sudco\",\"name\":\"Certifications - Sudco\",\"isPartOf\":{\"@id\":\"https:\\\/\\\/www.sudco.fr\\\/#website\"},\"datePublished\":\"2023-04-27T07:34:41+00:00\",\"dateModified\":\"2023-06-12T09:03:33+00:00\",\"description\":\"Explorez nos certifications Sudco et engagements en innovation, \u00e9volution et ma\u00eetrise. D\u00e9couvrez comment Sudco assure qualit\u00e9 et s\u00e9curit\u00e9 au travail.\",\"breadcrumb\":{\"@id\":\"https:\\\/\\\/www.sudco.fr\\\/certifications-sudco#breadcrumb\"},\"inLanguage\":\"en-GB\",\"potentialAction\":[{\"@type\":\"ReadAction\",\"target\":[\"https:\\\/\\\/www.sudco.fr\\\/certifications-sudco\"]}]},{\"@type\":\"BreadcrumbList\",\"@id\":\"https:\\\/\\\/www.sudco.fr\\\/certifications-sudco#breadcrumb\",\"itemListElement\":[{\"@type\":\"ListItem\",\"position\":1,\"name\":\"Accueil\",\"item\":\"https:\\\/\\\/www.sudco.fr\\\/\"},{\"@type\":\"ListItem\",\"position\":2,\"name\":\"Certifications Sudco\"}]},{\"@type\":\"WebSite\",\"@id\":\"https:\\\/\\\/www.sudco.fr\\\/#website\",\"url\":\"https:\\\/\\\/www.sudco.fr\\\/\",\"name\":\"Sudco\",\"description\":\"\",\"publisher\":{\"@id\":\"https:\\\/\\\/www.sudco.fr\\\/#organization\"},\"potentialAction\":[{\"@type\":\"SearchAction\",\"target\":{\"@type\":\"EntryPoint\",\"urlTemplate\":\"https:\\\/\\\/www.sudco.fr\\\/?s={search_term_string}\"},\"query-input\":{\"@type\":\"PropertyValueSpecification\",\"valueRequired\":true,\"valueName\":\"search_term_string\"}}],\"inLanguage\":\"en-GB\"},{\"@type\":\"Organization\",\"@id\":\"https:\\\/\\\/www.sudco.fr\\\/#organization\",\"name\":\"Sudco\",\"url\":\"https:\\\/\\\/www.sudco.fr\\\/\",\"logo\":{\"@type\":\"ImageObject\",\"inLanguage\":\"en-GB\",\"@id\":\"https:\\\/\\\/www.sudco.fr\\\/#\\\/schema\\\/logo\\\/image\\\/\",\"url\":\"https:\\\/\\\/www.sudco.fr\\\/wp-content\\\/uploads\\\/2023\\\/04\\\/Logo-Sudco.png\",\"contentUrl\":\"https:\\\/\\\/www.sudco.fr\\\/wp-content\\\/uploads\\\/2023\\\/04\\\/Logo-Sudco.png\",\"width\":2634,\"height\":573,\"caption\":\"Sudco\"},\"image\":{\"@id\":\"https:\\\/\\\/www.sudco.fr\\\/#\\\/schema\\\/logo\\\/image\\\/\"}}]}<\/script>\n<!-- \/ Yoast SEO plugin. -->","yoast_head_json":{"title":"Certifications - Sudco","description":"Explore our Sudco certifications and commitments to innovation, evolution and control. Discover how Sudco ensures quality and safety at work.","robots":{"index":"index","follow":"follow","max-snippet":"max-snippet:-1","max-image-preview":"max-image-preview:large","max-video-preview":"max-video-preview:-1"},"canonical":"https:\/\/www.sudco.fr\/en\/certifications-sudco\/","og_locale":"en_GB","og_type":"article","og_title":"Certifications - Sudco","og_description":"Explorez nos certifications Sudco et engagements en innovation, \u00e9volution et ma\u00eetrise. D\u00e9couvrez comment Sudco assure qualit\u00e9 et s\u00e9curit\u00e9 au travail.","og_url":"https:\/\/www.sudco.fr\/en\/certifications-sudco\/","og_site_name":"Sudco","article_modified_time":"2023-06-12T09:03:33+00:00","twitter_card":"summary_large_image","schema":{"@context":"https:\/\/schema.org","@graph":[{"@type":["WebPage","SearchResultsPage"],"@id":"https:\/\/www.sudco.fr\/certifications-sudco","url":"https:\/\/www.sudco.fr\/certifications-sudco","name":"Certifications - Sudco","isPartOf":{"@id":"https:\/\/www.sudco.fr\/#website"},"datePublished":"2023-04-27T07:34:41+00:00","dateModified":"2023-06-12T09:03:33+00:00","description":"Explore our Sudco certifications and commitments to innovation, evolution and control. Discover how Sudco ensures quality and safety at work.","breadcrumb":{"@id":"https:\/\/www.sudco.fr\/certifications-sudco#breadcrumb"},"inLanguage":"en-GB","potentialAction":[{"@type":"ReadAction","target":["https:\/\/www.sudco.fr\/certifications-sudco"]}]},{"@type":"BreadcrumbList","@id":"https:\/\/www.sudco.fr\/certifications-sudco#breadcrumb","itemListElement":[{"@type":"ListItem","position":1,"name":"Accueil","item":"https:\/\/www.sudco.fr\/"},{"@type":"ListItem","position":2,"name":"Certifications Sudco"}]},{"@type":"WebSite","@id":"https:\/\/www.sudco.fr\/#website","url":"https:\/\/www.sudco.fr\/","name":"Sudco","description":"","publisher":{"@id":"https:\/\/www.sudco.fr\/#organization"},"potentialAction":[{"@type":"SearchAction","target":{"@type":"EntryPoint","urlTemplate":"https:\/\/www.sudco.fr\/?s={search_term_string}"},"query-input":{"@type":"PropertyValueSpecification","valueRequired":true,"valueName":"search_term_string"}}],"inLanguage":"en-GB"},{"@type":"Organization","@id":"https:\/\/www.sudco.fr\/#organization","name":"Sudco","url":"https:\/\/www.sudco.fr\/","logo":{"@type":"ImageObject","inLanguage":"en-GB","@id":"https:\/\/www.sudco.fr\/#\/schema\/logo\/image\/","url":"https:\/\/www.sudco.fr\/wp-content\/uploads\/2023\/04\/Logo-Sudco.png","contentUrl":"https:\/\/www.sudco.fr\/wp-content\/uploads\/2023\/04\/Logo-Sudco.png","width":2634,"height":573,"caption":"Sudco"},"image":{"@id":"https:\/\/www.sudco.fr\/#\/schema\/logo\/image\/"}}]}},"_links":{"self":[{"href":"https:\/\/www.sudco.fr\/en\/wp-json\/wp\/v2\/pages\/3695","targetHints":{"allow":["GET"]}}],"collection":[{"href":"https:\/\/www.sudco.fr\/en\/wp-json\/wp\/v2\/pages"}],"about":[{"href":"https:\/\/www.sudco.fr\/en\/wp-json\/wp\/v2\/types\/page"}],"author":[{"embeddable":true,"href":"https:\/\/www.sudco.fr\/en\/wp-json\/wp\/v2\/users\/2"}],"replies":[{"embeddable":true,"href":"https:\/\/www.sudco.fr\/en\/wp-json\/wp\/v2\/comments?post=3695"}],"version-history":[{"count":2,"href":"https:\/\/www.sudco.fr\/en\/wp-json\/wp\/v2\/pages\/3695\/revisions"}],"predecessor-version":[{"id":5735,"href":"https:\/\/www.sudco.fr\/en\/wp-json\/wp\/v2\/pages\/3695\/revisions\/5735"}],"wp:attachment":[{"href":"https:\/\/www.sudco.fr\/en\/wp-json\/wp\/v2\/media?parent=3695"}],"curies":[{"name":"wp","href":"https:\/\/api.w.org\/{rel}","templated":true}]}}