{"id":3164,"date":"2023-04-25T09:19:39","date_gmt":"2023-04-25T09:19:39","guid":{"rendered":"https:\/\/www.sudco.fr\/?page_id=3164"},"modified":"2023-06-12T09:00:38","modified_gmt":"2023-06-12T09:00:38","slug":"produits-gaz-molleges","status":"publish","type":"page","link":"https:\/\/www.sudco.fr\/en\/gas-and-oil-products","title":{"rendered":"Gas Products Moll\u00e9g\u00e8s"},"content":{"rendered":"","protected":false},"excerpt":{"rendered":"","protected":false},"author":2,"featured_media":0,"parent":0,"menu_order":0,"comment_status":"closed","ping_status":"closed","template":"","meta":{"footnotes":""},"class_list":["post-3164","page","type-page","status-publish","czr-hentry"],"yoast_head":"<!-- This site is optimized with the Yoast SEO plugin v27.4 - https:\/\/yoast.com\/product\/yoast-seo-wordpress\/ -->\n<title>Produits Gaz - Sudco<\/title>\n<meta name=\"description\" content=\"D\u00e9couvrez nos produits gaz fabriqu\u00e9s dans nos ateliers \u00e0 Moll\u00e9g\u00e8s : GPL - Industriel - M\u00e9dical - Divers - Mat\u00e9riels pour le transport.\" \/>\n<meta name=\"robots\" content=\"index, follow, max-snippet:-1, max-image-preview:large, max-video-preview:-1\" \/>\n<link rel=\"canonical\" href=\"https:\/\/www.sudco.fr\/en\/gas-and-oil-products\/\" \/>\n<meta property=\"og:locale\" content=\"en_GB\" \/>\n<meta property=\"og:type\" content=\"article\" \/>\n<meta property=\"og:title\" content=\"Produits Gaz - Sudco\" \/>\n<meta property=\"og:description\" content=\"D\u00e9couvrez nos produits gaz fabriqu\u00e9s dans nos ateliers \u00e0 Moll\u00e9g\u00e8s : GPL - Industriel - M\u00e9dical - Divers - Mat\u00e9riels pour le transport.\" \/>\n<meta property=\"og:url\" content=\"https:\/\/www.sudco.fr\/en\/gas-and-oil-products\/\" \/>\n<meta property=\"og:site_name\" content=\"Sudco\" \/>\n<meta property=\"article:modified_time\" content=\"2023-06-12T09:00:38+00:00\" \/>\n<meta name=\"twitter:card\" content=\"summary_large_image\" \/>\n<script type=\"application\/ld+json\" class=\"yoast-schema-graph\">{\"@context\":\"https:\\\/\\\/schema.org\",\"@graph\":[{\"@type\":[\"WebPage\",\"SearchResultsPage\"],\"@id\":\"https:\\\/\\\/www.sudco.fr\\\/produits-gaz-molleges\",\"url\":\"https:\\\/\\\/www.sudco.fr\\\/produits-gaz-molleges\",\"name\":\"Produits Gaz - Sudco\",\"isPartOf\":{\"@id\":\"https:\\\/\\\/www.sudco.fr\\\/#website\"},\"datePublished\":\"2023-04-25T09:19:39+00:00\",\"dateModified\":\"2023-06-12T09:00:38+00:00\",\"description\":\"D\u00e9couvrez nos produits gaz fabriqu\u00e9s dans nos ateliers \u00e0 Moll\u00e9g\u00e8s : GPL - Industriel - M\u00e9dical - Divers - Mat\u00e9riels pour le transport.\",\"breadcrumb\":{\"@id\":\"https:\\\/\\\/www.sudco.fr\\\/produits-gaz-molleges#breadcrumb\"},\"inLanguage\":\"en-GB\",\"potentialAction\":[{\"@type\":\"ReadAction\",\"target\":[\"https:\\\/\\\/www.sudco.fr\\\/produits-gaz-molleges\"]}]},{\"@type\":\"BreadcrumbList\",\"@id\":\"https:\\\/\\\/www.sudco.fr\\\/produits-gaz-molleges#breadcrumb\",\"itemListElement\":[{\"@type\":\"ListItem\",\"position\":1,\"name\":\"Accueil\",\"item\":\"https:\\\/\\\/www.sudco.fr\\\/\"},{\"@type\":\"ListItem\",\"position\":2,\"name\":\"Produits Gaz Moll\u00e9g\u00e8s\"}]},{\"@type\":\"WebSite\",\"@id\":\"https:\\\/\\\/www.sudco.fr\\\/#website\",\"url\":\"https:\\\/\\\/www.sudco.fr\\\/\",\"name\":\"Sudco\",\"description\":\"\",\"publisher\":{\"@id\":\"https:\\\/\\\/www.sudco.fr\\\/#organization\"},\"potentialAction\":[{\"@type\":\"SearchAction\",\"target\":{\"@type\":\"EntryPoint\",\"urlTemplate\":\"https:\\\/\\\/www.sudco.fr\\\/?s={search_term_string}\"},\"query-input\":{\"@type\":\"PropertyValueSpecification\",\"valueRequired\":true,\"valueName\":\"search_term_string\"}}],\"inLanguage\":\"en-GB\"},{\"@type\":\"Organization\",\"@id\":\"https:\\\/\\\/www.sudco.fr\\\/#organization\",\"name\":\"Sudco\",\"url\":\"https:\\\/\\\/www.sudco.fr\\\/\",\"logo\":{\"@type\":\"ImageObject\",\"inLanguage\":\"en-GB\",\"@id\":\"https:\\\/\\\/www.sudco.fr\\\/#\\\/schema\\\/logo\\\/image\\\/\",\"url\":\"https:\\\/\\\/www.sudco.fr\\\/wp-content\\\/uploads\\\/2023\\\/04\\\/Logo-Sudco.png\",\"contentUrl\":\"https:\\\/\\\/www.sudco.fr\\\/wp-content\\\/uploads\\\/2023\\\/04\\\/Logo-Sudco.png\",\"width\":2634,\"height\":573,\"caption\":\"Sudco\"},\"image\":{\"@id\":\"https:\\\/\\\/www.sudco.fr\\\/#\\\/schema\\\/logo\\\/image\\\/\"}}]}<\/script>\n<!-- \/ Yoast SEO plugin. -->","yoast_head_json":{"title":"Gas Products - Sudco","description":"Discover our gas products manufactured in our workshops in Moll\u00e9g\u00e8s: LPG - Industrial - Medical - Miscellaneous - Transport equipment.","robots":{"index":"index","follow":"follow","max-snippet":"max-snippet:-1","max-image-preview":"max-image-preview:large","max-video-preview":"max-video-preview:-1"},"canonical":"https:\/\/www.sudco.fr\/en\/gas-and-oil-products\/","og_locale":"en_GB","og_type":"article","og_title":"Produits Gaz - Sudco","og_description":"D\u00e9couvrez nos produits gaz fabriqu\u00e9s dans nos ateliers \u00e0 Moll\u00e9g\u00e8s : GPL - Industriel - M\u00e9dical - Divers - Mat\u00e9riels pour le transport.","og_url":"https:\/\/www.sudco.fr\/en\/gas-and-oil-products\/","og_site_name":"Sudco","article_modified_time":"2023-06-12T09:00:38+00:00","twitter_card":"summary_large_image","schema":{"@context":"https:\/\/schema.org","@graph":[{"@type":["WebPage","SearchResultsPage"],"@id":"https:\/\/www.sudco.fr\/produits-gaz-molleges","url":"https:\/\/www.sudco.fr\/produits-gaz-molleges","name":"Gas Products - Sudco","isPartOf":{"@id":"https:\/\/www.sudco.fr\/#website"},"datePublished":"2023-04-25T09:19:39+00:00","dateModified":"2023-06-12T09:00:38+00:00","description":"Discover our gas products manufactured in our workshops in Moll\u00e9g\u00e8s: LPG - Industrial - Medical - Miscellaneous - Transport equipment.","breadcrumb":{"@id":"https:\/\/www.sudco.fr\/produits-gaz-molleges#breadcrumb"},"inLanguage":"en-GB","potentialAction":[{"@type":"ReadAction","target":["https:\/\/www.sudco.fr\/produits-gaz-molleges"]}]},{"@type":"BreadcrumbList","@id":"https:\/\/www.sudco.fr\/produits-gaz-molleges#breadcrumb","itemListElement":[{"@type":"ListItem","position":1,"name":"Accueil","item":"https:\/\/www.sudco.fr\/"},{"@type":"ListItem","position":2,"name":"Produits Gaz Moll\u00e9g\u00e8s"}]},{"@type":"WebSite","@id":"https:\/\/www.sudco.fr\/#website","url":"https:\/\/www.sudco.fr\/","name":"Sudco","description":"","publisher":{"@id":"https:\/\/www.sudco.fr\/#organization"},"potentialAction":[{"@type":"SearchAction","target":{"@type":"EntryPoint","urlTemplate":"https:\/\/www.sudco.fr\/?s={search_term_string}"},"query-input":{"@type":"PropertyValueSpecification","valueRequired":true,"valueName":"search_term_string"}}],"inLanguage":"en-GB"},{"@type":"Organization","@id":"https:\/\/www.sudco.fr\/#organization","name":"Sudco","url":"https:\/\/www.sudco.fr\/","logo":{"@type":"ImageObject","inLanguage":"en-GB","@id":"https:\/\/www.sudco.fr\/#\/schema\/logo\/image\/","url":"https:\/\/www.sudco.fr\/wp-content\/uploads\/2023\/04\/Logo-Sudco.png","contentUrl":"https:\/\/www.sudco.fr\/wp-content\/uploads\/2023\/04\/Logo-Sudco.png","width":2634,"height":573,"caption":"Sudco"},"image":{"@id":"https:\/\/www.sudco.fr\/#\/schema\/logo\/image\/"}}]}},"_links":{"self":[{"href":"https:\/\/www.sudco.fr\/en\/wp-json\/wp\/v2\/pages\/3164","targetHints":{"allow":["GET"]}}],"collection":[{"href":"https:\/\/www.sudco.fr\/en\/wp-json\/wp\/v2\/pages"}],"about":[{"href":"https:\/\/www.sudco.fr\/en\/wp-json\/wp\/v2\/types\/page"}],"author":[{"embeddable":true,"href":"https:\/\/www.sudco.fr\/en\/wp-json\/wp\/v2\/users\/2"}],"replies":[{"embeddable":true,"href":"https:\/\/www.sudco.fr\/en\/wp-json\/wp\/v2\/comments?post=3164"}],"version-history":[{"count":2,"href":"https:\/\/www.sudco.fr\/en\/wp-json\/wp\/v2\/pages\/3164\/revisions"}],"predecessor-version":[{"id":5747,"href":"https:\/\/www.sudco.fr\/en\/wp-json\/wp\/v2\/pages\/3164\/revisions\/5747"}],"wp:attachment":[{"href":"https:\/\/www.sudco.fr\/en\/wp-json\/wp\/v2\/media?parent=3164"}],"curies":[{"name":"wp","href":"https:\/\/api.w.org\/{rel}","templated":true}]}}